{"id":3328,"date":"2026-01-22T11:22:59","date_gmt":"2026-01-22T09:22:59","guid":{"rendered":"https:\/\/mupowen.com\/?page_id=3328"},"modified":"2026-01-22T12:31:56","modified_gmt":"2026-01-22T10:31:56","slug":"privacy-policy","status":"publish","type":"page","link":"https:\/\/mupowen.com\/es\/privacy-policy\/","title":{"rendered":"Pol\u00edtica De Privacidad"},"content":{"rendered":"<p>[et_pb_section fb_built=&#8221;1&#8243; admin_label=&#8221;Services&#8221; _builder_version=&#8221;4.16&#8243; custom_margin=&#8221;39px|||||&#8221; custom_padding=&#8221;54px|0px|54px|0px|false|false&#8221; global_colors_info=&#8221;{}&#8221;][et_pb_row _builder_version=&#8221;4.27.4&#8243; _module_preset=&#8221;default&#8221; global_colors_info=&#8221;{}&#8221;][et_pb_column type=&#8221;4_4&#8243; _builder_version=&#8221;4.27.4&#8243; _module_preset=&#8221;default&#8221; global_colors_info=&#8221;{}&#8221;][et_pb_text _builder_version=&#8221;4.27.4&#8243; text_font=&#8221;||||||||&#8221; header_font=&#8221;||||||||&#8221; header_2_font=&#8221;Libre Franklin|300|||||||&#8221; header_2_font_size=&#8221;42px&#8221; header_2_line_height=&#8221;1.4em&#8221; custom_margin=&#8221;||-2px|||&#8221; header_2_font_size_tablet=&#8221;&#8221; header_2_font_size_phone=&#8221;32px&#8221; header_2_font_size_last_edited=&#8221;on|phone&#8221; locked=&#8221;off&#8221; global_colors_info=&#8221;{}&#8221;]<\/p>\n<h2><strong>Pol\u00edtica De Privacidad<\/strong><\/h2>\n<p>[\/et_pb_text][et_pb_divider color=&#8221;#448036&#8243; divider_weight=&#8221;5px&#8221; _builder_version=&#8221;4.27.4&#8243; _module_preset=&#8221;default&#8221; width=&#8221;10%&#8221; global_colors_info=&#8221;{}&#8221;][\/et_pb_divider][\/et_pb_column][\/et_pb_row][et_pb_row _builder_version=&#8221;4.27.4&#8243; custom_margin=&#8221;-28px|auto||auto||&#8221; custom_padding=&#8221;|||&#8221; global_colors_info=&#8221;{}&#8221;][et_pb_column type=&#8221;4_4&#8243; _builder_version=&#8221;4.16&#8243; custom_padding=&#8221;|||&#8221; global_colors_info=&#8221;{}&#8221; custom_padding__hover=&#8221;|||&#8221;][et_pb_text _builder_version=&#8221;4.27.4&#8243; _module_preset=&#8221;default&#8221; text_font=&#8221;Libre Franklin||||||||&#8221; global_colors_info=&#8221;{}&#8221;]<\/p>\n<p>For the purposes of complying with Regulation (EU) 2016\/679 of the European Parliament of 27 April (GDPR) and Organic Law 3\/2018 of 5 December on the Protection of Personal Data and Guarantee of Digital Rights (LOPDGDD), the following information is provided:<\/p>\n<p>Data Controller<br \/>Company name: <strong>MUPOWEN POWER ENERGY<\/strong><br \/>ID number: <strong>Y4971507-W<\/strong><br \/>Address:<strong> CALLE ESPIG\u00dcETE, 2, 34003, PALENCIA.<\/strong><br \/>Email: <strong><a href=\"mailto:ufukkarabulut2@gmail.com\">ufukkarabulut2@gmail.com<\/a><\/strong><strong><\/strong><\/p>\n<p><strong><span style=\"text-decoration: underline;\">Purpose<\/span><\/strong><br \/>The information provided by interested parties through any of the different forms available on the website is processed for the purpose of managing the sending of the information requested, and, if necessary, a commercial profile may be created based on the information provided. No automated decisions will be made based on this profile. The personal data provided will be kept for as long as the commercial relationship is maintained and the interested party does not request its deletion.<\/p>\n<p><span style=\"text-decoration: underline;\"><strong>Legitimacy<\/strong><\/span><br \/>The consent of the interested party is requested for the processing of their data and the prospective offer of products and services.<\/p>\n<p><span style=\"text-decoration: underline;\"><strong>Personal data<\/strong><\/span><\/p>\n<p>Will not be transferred to third parties, except, where appropriate, to other group companies for internal administrative purposes.<\/p>\n<p><strong><span style=\"text-decoration: underline;\">Rights<\/span><\/strong><br \/>Data subjects have the right to access their personal data, as well as to request the rectification of inaccurate data or, where appropriate, request its deletion when the data is no longer necessary for the purposes for which it was collected. In certain circumstances, data subjects may also restrict or object to the processing of their data, as well as request its portability. They shall also have the right to withdraw their consent and lodge a complaint with the Supervisory Authority. To exercise their rights, they must contact the Data Controller at the address given in the first box, accompanied by a copy of the data subject&#8217;s identity document.<\/p>\n<p><strong><span style=\"text-decoration: underline;\">1. Who is responsible for processing your personal data?<\/span><\/strong><br \/><strong>MUPOWEN POWER ENERGY<\/strong><br \/>ID number: <strong>Y4971507-W<\/strong>, address:<strong> CALLE ESPIG\u00dcETE, 2, 34003, PALENCIA,<\/strong> and email <strong><a href=\"mailto:ufukkarabulut2@gmail.com\">ufukkarabulut2@gmail.com<\/a><\/strong> is RESPONSIBLE for processing the USER&#8217;s personal data and informs you that this data will be processed in accordance with the provisions of Regulation (EU) 2016\/679 of 27 April (GDPR) and Organic Law 3\/2018 of 5 December (LOPDGDD).<\/p>\n<p><strong><span style=\"text-decoration: underline;\">2. For what purpose is the data processed and what is the basis that legitimises the processing?<\/span><\/strong><br \/>The information provided to us by interested parties is processed for the purpose of managing the sending of the information they request, and, if necessary, a commercial profile may be created based on the information provided. To process orders, requests, respond to queries or any type of request made by the USER through any of the contact forms available on the CONTROLLER&#8217;s website.<\/p>\n<p><span style=\"text-decoration: underline;\"><strong>3. How long is the data kept?<\/strong><\/span><br \/>The personal data provided will be kept for as long as the commercial relationship is maintained and the data subject does not request its deletion. When it is no longer necessary, it will be deleted using appropriate security measures.<\/p>\n<p><strong><span style=\"text-decoration: underline;\">4. What rights do you have and how can you exercise them?<\/span><\/strong><br \/>Data subjects have the right to access their personal data, as well as to request the rectification of inaccurate data or, where appropriate, request its deletion when the data is no longer necessary for the purposes for which it was collected. In certain circumstances, interested parties may also object to the processing of their data. They will also have the right to withdraw their consent and to lodge a complaint with the Supervisory Authority.<\/p>\n<p>To exercise your rights, you must contact the Data Controller at Calle Jazm\u00edn, 14 Pol\u00edgono de la Asunci\u00f3n Villalob\u00f3n Palencia, accompanied by a copy of the interested party&#8217;s identity document.<\/p>\n<p>Current data protection regulations grant you a series of rights in relation to the use we make of your data. Each and every one of your rights is personal and non-transferable, i.e. they can only be exercised by the data subject, after verification of their identity.<\/p>\n<p>Below we indicate the rights to which you are entitled:<\/p>\n<ul>\n<li>Request ACCESS to your personal data.<\/li>\n<li>Request the RECTIFICATION of your data.<\/li>\n<li>Request the DELETION or removal of your data (right to be forgotten).<\/li>\n<li>LIMIT or OBJECT to the use we make of your data.<\/li>\n<li>Right to the PORTABILITY of your data in cases of telecommunications or internet services.<\/li>\n<li>Right to WITHDRAW your consent at any time.<\/li>\n<li>You have the right to lodge a complaint with the Spanish Data Protection Agency via www.aepd.es.<br \/>To exercise your rights of access, rectification, deletion, limitation or opposition, portability and withdrawal of consent, you must contact the Data Controller at Calle Jazm\u00edn, 14 Pol\u00edgono de la Asunci\u00f3n 34419 Villalon Palencia.<\/li>\n<\/ul>\n<p><strong><span style=\"text-decoration: underline;\">5. Who do we provide your personal data to?<\/span><\/strong><\/p>\n<p><strong><span style=\"text-decoration: underline;\">Recipients<\/span><\/strong><br \/>Personal data will not be transferred to third parties, except where applicable, to other group companies for internal administrative purposes or where legally required.<\/p>\n<p><span style=\"text-decoration: underline;\"><strong>6. Are automated decisions made?<\/strong><\/span><br \/>No automated decisions will be made based on commercial profiling.<\/p>\n<p><strong><span style=\"text-decoration: underline;\">7. Are international data transfers carried out?<\/span><\/strong><br \/>We do not carry out international transfers of your data.<\/p>\n<p><strong><span style=\"text-decoration: underline;\">8. Why can we process your personal data?<\/span><\/strong><br \/>The consent of the data subject is requested for the processing of their data and the prospective offer of products and services. Personal data obtained through the forms on the website will be processed solely on the basis of the consent given by the data subject, through the acceptance of the box provided for this purpose. This consent may be withdrawn at any time.<\/p>\n<p>Legitimate interest of the controller. Statistical information obtained from the website will be processed on the basis of the legitimate interest of the controller. This information does not allow the user to be identified.<\/p>\n<p>[\/et_pb_text][\/et_pb_column][\/et_pb_row][\/et_pb_section][et_pb_section fb_built=&#8221;1&#8243; _builder_version=&#8221;4.27.4&#8243; _module_preset=&#8221;default&#8221; global_colors_info=&#8221;{}&#8221;][et_pb_row _builder_version=&#8221;4.27.4&#8243; _module_preset=&#8221;default&#8221; global_colors_info=&#8221;{}&#8221;][et_pb_column type=&#8221;4_4&#8243; _builder_version=&#8221;4.27.4&#8243; _module_preset=&#8221;default&#8221; global_colors_info=&#8221;{}&#8221;][et_pb_image src=&#8221;https:\/\/mupowen.com\/wp-content\/uploads\/2026\/01\/PUBLI-KIT.jpg&#8221; title_text=&#8221;PUBLI KIT&#8221; _builder_version=&#8221;4.27.4&#8243; _module_preset=&#8221;default&#8221; global_colors_info=&#8221;{}&#8221;][\/et_pb_image][\/et_pb_column][\/et_pb_row][\/et_pb_section][et_pb_section fb_built=&#8221;1&#8243; _builder_version=&#8221;4.27.4&#8243; _module_preset=&#8221;default&#8221; background_color=&#8221;#0f172a&#8221; hover_enabled=&#8221;0&#8243; global_colors_info=&#8221;{}&#8221; sticky_enabled=&#8221;0&#8243;][et_pb_row column_structure=&#8221;1_4,1_4,1_4,1_4&#8243; _builder_version=&#8221;4.27.4&#8243; _module_preset=&#8221;default&#8221; global_colors_info=&#8221;{}&#8221;][et_pb_column type=&#8221;1_4&#8243; _builder_version=&#8221;4.27.4&#8243; _module_preset=&#8221;default&#8221; global_colors_info=&#8221;{}&#8221;][et_pb_image src=&#8221;https:\/\/mupowen.com\/wp-content\/uploads\/2026\/01\/cropped-Logo-Acumin-Green-Transparent.png&#8221; title_text=&#8221;cropped-Logo-Acumin-Green-Transparent&#8221; align=&#8221;center&#8221; _builder_version=&#8221;4.27.4&#8243; _module_preset=&#8221;default&#8221; width=&#8221;78%&#8221; global_colors_info=&#8221;{}&#8221;][\/et_pb_image][et_pb_text _builder_version=&#8221;4.27.4&#8243; _module_preset=&#8221;default&#8221; text_font=&#8221;Libre Franklin|500|||||||&#8221; text_text_color=&#8221;#FFFFFF&#8221; text_font_size=&#8221;15px&#8221; custom_margin=&#8221;-13px|||||&#8221; global_colors_info=&#8221;{}&#8221;]<\/p>\n<p>Ingenier\u00eda y Consultor\u00eda para la Alimentaci\u00f3n y del sector de la Energ\u00eda<\/p>\n<p>[\/et_pb_text][\/et_pb_column][et_pb_column type=&#8221;1_4&#8243; _builder_version=&#8221;4.27.4&#8243; _module_preset=&#8221;default&#8221; global_colors_info=&#8221;{}&#8221;][et_pb_text _builder_version=&#8221;4.27.4&#8243; _module_preset=&#8221;default&#8221; text_font=&#8221;Libre Franklin|600|||||||&#8221; text_text_color=&#8221;#FFFFFF&#8221; text_font_size=&#8221;20px&#8221; custom_margin=&#8221;-13px||37px|||&#8221; global_colors_info=&#8221;{}&#8221;]<\/p>\n<p>Nuestra Empresa<\/p>\n<p>[\/et_pb_text][et_pb_text _builder_version=&#8221;4.27.4&#8243; _module_preset=&#8221;default&#8221; text_font=&#8221;Libre Franklin|500|||||||&#8221; text_text_color=&#8221;#FFFFFF&#8221; text_font_size=&#8221;15px&#8221; custom_margin=&#8221;-13px|||||&#8221; global_colors_info=&#8221;{}&#8221;]<\/p>\n<p>Acerca De Nosotros<br \/>Nuestros Servicios<br \/>Proyectos De Referencia<br \/>Trabajar Con Nosotros<\/p>\n<p>[\/et_pb_text][\/et_pb_column][et_pb_column type=&#8221;1_4&#8243; _builder_version=&#8221;4.27.4&#8243; _module_preset=&#8221;default&#8221; global_colors_info=&#8221;{}&#8221;][et_pb_text _builder_version=&#8221;4.27.4&#8243; _module_preset=&#8221;default&#8221; text_font=&#8221;Libre Franklin|600|||||||&#8221; text_text_color=&#8221;#FFFFFF&#8221; text_font_size=&#8221;20px&#8221; custom_margin=&#8221;-13px||37px|||&#8221; global_colors_info=&#8221;{}&#8221;]<\/p>\n<p>Nuestros Servicios<\/p>\n<p>[\/et_pb_text][et_pb_text _builder_version=&#8221;4.27.4&#8243; _module_preset=&#8221;default&#8221; text_font=&#8221;Libre Franklin|500|||||||&#8221; text_text_color=&#8221;#FFFFFF&#8221; text_font_size=&#8221;15px&#8221; custom_margin=&#8221;-13px|||||&#8221; global_colors_info=&#8221;{}&#8221;]<\/p>\n<p>Gesti\u00f3n De Proyectos<br \/>Los Propietarios De Ingenier\u00eda<br \/>Gesti\u00f3n De Ingenier\u00eda<br \/>Traslado De La Planta<\/p>\n<p>[\/et_pb_text][\/et_pb_column][et_pb_column type=&#8221;1_4&#8243; _builder_version=&#8221;4.27.4&#8243; _module_preset=&#8221;default&#8221; global_colors_info=&#8221;{}&#8221;][et_pb_text _builder_version=&#8221;4.27.4&#8243; _module_preset=&#8221;default&#8221; text_font=&#8221;Libre Franklin|600|||||||&#8221; text_text_color=&#8221;#FFFFFF&#8221; text_font_size=&#8221;20px&#8221; custom_margin=&#8221;-13px||37px|||&#8221; global_colors_info=&#8221;{}&#8221;]<\/p>\n<p>Datos De Contacto<\/p>\n<p>[\/et_pb_text][et_pb_text _builder_version=&#8221;4.27.4&#8243; _module_preset=&#8221;default&#8221; text_font=&#8221;Libre Franklin|500|||||||&#8221; text_text_color=&#8221;#FFFFFF&#8221; text_font_size=&#8221;15px&#8221; custom_margin=&#8221;-13px|||||&#8221; global_colors_info=&#8221;{}&#8221;]<\/p>\n<p>Evliya \u00c7elebi st.<br \/>Remel Plaza 23\/106<br \/>07010 Antalya\/T\u00fcrkiye<br \/>info@mupowen.com<\/p>\n<p>[\/et_pb_text][\/et_pb_column][\/et_pb_row][\/et_pb_section]<\/p>","protected":false},"excerpt":{"rendered":"<p>Privacy PolicyFor the purposes of complying with Regulation (EU) 2016\/679 of the European Parliament of 27 April (GDPR) and Organic Law 3\/2018 of 5 December on the Protection of Personal Data and Guarantee of Digital Rights (LOPDGDD), the following information is provided: Data ControllerCompany name: MUPOWEN POWER ENERGYID number: Y4971507-WAddress: CALLE ESPIG\u00dcETE, 2, 34003, PALENCIA.Email: [&hellip;]<\/p>","protected":false},"author":1,"featured_media":0,"parent":0,"menu_order":0,"comment_status":"closed","ping_status":"closed","template":"","meta":{"_et_pb_use_builder":"on","_et_pb_old_content":"","_et_gb_content_width":"","footnotes":""},"class_list":["post-3328","page","type-page","status-publish","hentry"],"yoast_head":"<!-- This site is optimized with the Yoast SEO plugin v26.8 - https:\/\/yoast.com\/product\/yoast-seo-wordpress\/ -->\n<title>Privacy Policy - Mupowen Energy<\/title>\n<meta name=\"robots\" content=\"index, follow, max-snippet:-1, max-image-preview:large, max-video-preview:-1\" \/>\n<link rel=\"canonical\" href=\"https:\/\/mupowen.com\/es\/privacy-policy\/\" \/>\n<meta property=\"og:locale\" content=\"es_ES\" \/>\n<meta property=\"og:type\" content=\"article\" \/>\n<meta property=\"og:title\" content=\"Privacy Policy - Mupowen Energy\" \/>\n<meta property=\"og:description\" content=\"Privacy PolicyFor the purposes of complying with Regulation (EU) 2016\/679 of the European Parliament of 27 April (GDPR) and Organic Law 3\/2018 of 5 December on the Protection of Personal Data and Guarantee of Digital Rights (LOPDGDD), the following information is provided: Data ControllerCompany name: MUPOWEN POWER ENERGYID number: Y4971507-WAddress: CALLE ESPIG\u00dcETE, 2, 34003, PALENCIA.Email: [&hellip;]\" \/>\n<meta property=\"og:url\" content=\"https:\/\/mupowen.com\/es\/privacy-policy\/\" \/>\n<meta property=\"og:site_name\" content=\"Mupowen Energy\" \/>\n<meta property=\"article:modified_time\" content=\"2026-01-22T10:31:56+00:00\" \/>\n<meta name=\"twitter:card\" content=\"summary_large_image\" \/>\n<script type=\"application\/ld+json\" class=\"yoast-schema-graph\">{\"@context\":\"https:\/\/schema.org\",\"@graph\":[{\"@type\":\"WebPage\",\"@id\":\"https:\/\/mupowen.com\/privacy-policy\/\",\"url\":\"https:\/\/mupowen.com\/privacy-policy\/\",\"name\":\"Privacy Policy - Mupowen Energy\",\"isPartOf\":{\"@id\":\"https:\/\/mupowen.com\/#website\"},\"datePublished\":\"2026-01-22T09:22:59+00:00\",\"dateModified\":\"2026-01-22T10:31:56+00:00\",\"breadcrumb\":{\"@id\":\"https:\/\/mupowen.com\/privacy-policy\/#breadcrumb\"},\"inLanguage\":\"es\",\"potentialAction\":[{\"@type\":\"ReadAction\",\"target\":[\"https:\/\/mupowen.com\/privacy-policy\/\"]}]},{\"@type\":\"BreadcrumbList\",\"@id\":\"https:\/\/mupowen.com\/privacy-policy\/#breadcrumb\",\"itemListElement\":[{\"@type\":\"ListItem\",\"position\":1,\"name\":\"Portada\",\"item\":\"https:\/\/mupowen.com\/\"},{\"@type\":\"ListItem\",\"position\":2,\"name\":\"Privacy Policy\"}]},{\"@type\":\"WebSite\",\"@id\":\"https:\/\/mupowen.com\/#website\",\"url\":\"https:\/\/mupowen.com\/\",\"name\":\"Mupowen Energy\",\"description\":\"Founded in 2019, our company has built a reputation on trust and a team with over 15 years of experience in the Power and Energy sector.\",\"publisher\":{\"@id\":\"https:\/\/mupowen.com\/#organization\"},\"potentialAction\":[{\"@type\":\"SearchAction\",\"target\":{\"@type\":\"EntryPoint\",\"urlTemplate\":\"https:\/\/mupowen.com\/?s={search_term_string}\"},\"query-input\":{\"@type\":\"PropertyValueSpecification\",\"valueRequired\":true,\"valueName\":\"search_term_string\"}}],\"inLanguage\":\"es\"},{\"@type\":\"Organization\",\"@id\":\"https:\/\/mupowen.com\/#organization\",\"name\":\"Mupowen Energy\",\"url\":\"https:\/\/mupowen.com\/\",\"logo\":{\"@type\":\"ImageObject\",\"inLanguage\":\"es\",\"@id\":\"https:\/\/mupowen.com\/#\/schema\/logo\/image\/\",\"url\":\"https:\/\/mupowen.com\/wp-content\/uploads\/2026\/01\/cropped-Logo-Acumin-Green-transp-copia.jpg\",\"contentUrl\":\"https:\/\/mupowen.com\/wp-content\/uploads\/2026\/01\/cropped-Logo-Acumin-Green-transp-copia.jpg\",\"width\":1029,\"height\":343,\"caption\":\"Mupowen Energy\"},\"image\":{\"@id\":\"https:\/\/mupowen.com\/#\/schema\/logo\/image\/\"},\"sameAs\":[\"https:\/\/www.linkedin.com\/uas\/login?session_redirect=httpswww.linkedin.comshareArticleurlhttps3A2F2Fmupowen.com2Fcontact-us2F\"]}]}<\/script>\n<!-- \/ Yoast SEO plugin. -->","yoast_head_json":{"title":"Privacy Policy - Mupowen Energy","robots":{"index":"index","follow":"follow","max-snippet":"max-snippet:-1","max-image-preview":"max-image-preview:large","max-video-preview":"max-video-preview:-1"},"canonical":"https:\/\/mupowen.com\/es\/privacy-policy\/","og_locale":"es_ES","og_type":"article","og_title":"Privacy Policy - Mupowen Energy","og_description":"Privacy PolicyFor the purposes of complying with Regulation (EU) 2016\/679 of the European Parliament of 27 April (GDPR) and Organic Law 3\/2018 of 5 December on the Protection of Personal Data and Guarantee of Digital Rights (LOPDGDD), the following information is provided: Data ControllerCompany name: MUPOWEN POWER ENERGYID number: Y4971507-WAddress: CALLE ESPIG\u00dcETE, 2, 34003, PALENCIA.Email: [&hellip;]","og_url":"https:\/\/mupowen.com\/es\/privacy-policy\/","og_site_name":"Mupowen Energy","article_modified_time":"2026-01-22T10:31:56+00:00","twitter_card":"summary_large_image","schema":{"@context":"https:\/\/schema.org","@graph":[{"@type":"WebPage","@id":"https:\/\/mupowen.com\/privacy-policy\/","url":"https:\/\/mupowen.com\/privacy-policy\/","name":"Privacy Policy - Mupowen Energy","isPartOf":{"@id":"https:\/\/mupowen.com\/#website"},"datePublished":"2026-01-22T09:22:59+00:00","dateModified":"2026-01-22T10:31:56+00:00","breadcrumb":{"@id":"https:\/\/mupowen.com\/privacy-policy\/#breadcrumb"},"inLanguage":"es","potentialAction":[{"@type":"ReadAction","target":["https:\/\/mupowen.com\/privacy-policy\/"]}]},{"@type":"BreadcrumbList","@id":"https:\/\/mupowen.com\/privacy-policy\/#breadcrumb","itemListElement":[{"@type":"ListItem","position":1,"name":"Portada","item":"https:\/\/mupowen.com\/"},{"@type":"ListItem","position":2,"name":"Privacy Policy"}]},{"@type":"WebSite","@id":"https:\/\/mupowen.com\/#website","url":"https:\/\/mupowen.com\/","name":"Mupowen Energy","description":"Founded in 2019, our company has built a reputation on trust and a team with over 15 years of experience in the Power and Energy sector.","publisher":{"@id":"https:\/\/mupowen.com\/#organization"},"potentialAction":[{"@type":"SearchAction","target":{"@type":"EntryPoint","urlTemplate":"https:\/\/mupowen.com\/?s={search_term_string}"},"query-input":{"@type":"PropertyValueSpecification","valueRequired":true,"valueName":"search_term_string"}}],"inLanguage":"es"},{"@type":"Organization","@id":"https:\/\/mupowen.com\/#organization","name":"Mupowen Energy","url":"https:\/\/mupowen.com\/","logo":{"@type":"ImageObject","inLanguage":"es","@id":"https:\/\/mupowen.com\/#\/schema\/logo\/image\/","url":"https:\/\/mupowen.com\/wp-content\/uploads\/2026\/01\/cropped-Logo-Acumin-Green-transp-copia.jpg","contentUrl":"https:\/\/mupowen.com\/wp-content\/uploads\/2026\/01\/cropped-Logo-Acumin-Green-transp-copia.jpg","width":1029,"height":343,"caption":"Mupowen Energy"},"image":{"@id":"https:\/\/mupowen.com\/#\/schema\/logo\/image\/"},"sameAs":["https:\/\/www.linkedin.com\/uas\/login?session_redirect=httpswww.linkedin.comshareArticleurlhttps3A2F2Fmupowen.com2Fcontact-us2F"]}]}},"_links":{"self":[{"href":"https:\/\/mupowen.com\/es\/wp-json\/wp\/v2\/pages\/3328","targetHints":{"allow":["GET"]}}],"collection":[{"href":"https:\/\/mupowen.com\/es\/wp-json\/wp\/v2\/pages"}],"about":[{"href":"https:\/\/mupowen.com\/es\/wp-json\/wp\/v2\/types\/page"}],"author":[{"embeddable":true,"href":"https:\/\/mupowen.com\/es\/wp-json\/wp\/v2\/users\/1"}],"replies":[{"embeddable":true,"href":"https:\/\/mupowen.com\/es\/wp-json\/wp\/v2\/comments?post=3328"}],"version-history":[{"count":5,"href":"https:\/\/mupowen.com\/es\/wp-json\/wp\/v2\/pages\/3328\/revisions"}],"predecessor-version":[{"id":3367,"href":"https:\/\/mupowen.com\/es\/wp-json\/wp\/v2\/pages\/3328\/revisions\/3367"}],"wp:attachment":[{"href":"https:\/\/mupowen.com\/es\/wp-json\/wp\/v2\/media?parent=3328"}],"curies":[{"name":"wp","href":"https:\/\/api.w.org\/{rel}","templated":true}]}}