{"id":3334,"date":"2026-01-22T11:32:00","date_gmt":"2026-01-22T09:32:00","guid":{"rendered":"https:\/\/mupowen.com\/?page_id=3334"},"modified":"2026-01-22T11:35:36","modified_gmt":"2026-01-22T09:35:36","slug":"policity-cookies","status":"publish","type":"page","link":"https:\/\/mupowen.com\/es\/policity-cookies\/","title":{"rendered":"Policity Cookies"},"content":{"rendered":"<p>[et_pb_section fb_built=&#8221;1&#8243; admin_label=&#8221;Services&#8221; _builder_version=&#8221;4.16&#8243; custom_margin=&#8221;39px|||||&#8221; custom_padding=&#8221;54px|0px|54px|0px|false|false&#8221; global_colors_info=&#8221;{}&#8221; theme_builder_area=&#8221;post_content&#8221;][et_pb_row _builder_version=&#8221;4.27.4&#8243; _module_preset=&#8221;default&#8221; global_colors_info=&#8221;{}&#8221; theme_builder_area=&#8221;post_content&#8221;][et_pb_column type=&#8221;4_4&#8243; _builder_version=&#8221;4.27.4&#8243; _module_preset=&#8221;default&#8221; global_colors_info=&#8221;{}&#8221; theme_builder_area=&#8221;post_content&#8221;][et_pb_text _builder_version=&#8221;4.27.4&#8243; text_font=&#8221;||||||||&#8221; header_font=&#8221;||||||||&#8221; header_2_font=&#8221;Libre Franklin|300|||||||&#8221; header_2_font_size=&#8221;42px&#8221; header_2_line_height=&#8221;1.4em&#8221; custom_margin=&#8221;||-2px|||&#8221; header_2_font_size_tablet=&#8221;&#8221; header_2_font_size_phone=&#8221;32px&#8221; header_2_font_size_last_edited=&#8221;on|phone&#8221; locked=&#8221;off&#8221; global_colors_info=&#8221;{}&#8221; theme_builder_area=&#8221;post_content&#8221;]<\/p>\n<h2><strong>Cookies Policy<\/strong><\/h2>\n<p>[\/et_pb_text][et_pb_divider color=&#8221;#448036&#8243; divider_weight=&#8221;5px&#8221; _builder_version=&#8221;4.27.4&#8243; _module_preset=&#8221;default&#8221; width=&#8221;10%&#8221; global_colors_info=&#8221;{}&#8221; theme_builder_area=&#8221;post_content&#8221;][\/et_pb_divider][\/et_pb_column][\/et_pb_row][et_pb_row _builder_version=&#8221;4.27.4&#8243; custom_margin=&#8221;-28px|auto||auto||&#8221; custom_padding=&#8221;|||&#8221; global_colors_info=&#8221;{}&#8221; theme_builder_area=&#8221;post_content&#8221;][et_pb_column type=&#8221;4_4&#8243; _builder_version=&#8221;4.16&#8243; custom_padding=&#8221;|||&#8221; global_colors_info=&#8221;{}&#8221; custom_padding__hover=&#8221;|||&#8221; theme_builder_area=&#8221;post_content&#8221;][et_pb_text _builder_version=&#8221;4.27.4&#8243; _module_preset=&#8221;default&#8221; text_font=&#8221;Libre Franklin||||||||&#8221; hover_enabled=&#8221;0&#8243; global_colors_info=&#8221;{}&#8221; theme_builder_area=&#8221;post_content&#8221; sticky_enabled=&#8221;0&#8243;]<\/p>\n<p>This website may use technical cookies (small information files that the server sends to the computer of the person accessing the page) to carry out certain functions that are considered essential for the proper functioning and display of the site. The cookies used are, in any case, temporary in nature, with the sole purpose of making browsing more efficient, and disappear when the user&#8217;s session ends. Under no circumstances do these cookies themselves provide personal data and they will not be used to collect such data. This website will not install non-essential cookies without the user&#8217;s prior consent.<\/p>\n<p>The USER has the option of configuring their browser to be alerted to the receipt of cookies and to prevent their installation on their computer. Please consult your browser&#8217;s instructions for further information.<\/p>\n<p>Applicable legislation and jurisdiction<br \/>The relationship with the USER shall be governed by current Spanish legislation and any dispute shall be submitted to the courts and tribunals that correspond in accordance with the law.<\/p>\n<p>Complaint forms are available to consumers at the address of Company name: <strong>MUPOWEN POWER ENERGY, <\/strong>ID number: <strong>Y4971507-W<\/strong>, with address:<strong> CALLE ESPIG\u00dcETE, 2, 34003, PALENCIA, <\/strong>email: <strong><a href=\"mailto:ufukkarabulut2@gmail.com\">ufukkarabulut2@gmail.com<\/a><\/strong><\/p>\n<p>In accordance with national and EU legislation on consumer protection, an online complaint and dispute resolution mechanism is available, in accordance with Article 14 of EU Regulation 524\/2013. The Commission provides this platform, which is available at the following link: <a href=\"https:\/\/ec.europa.eu\/consumers\/odr\/main\/index.cfm?event=main.home2.show&amp;lng=ES\">https:\/\/ec.europa.eu\/consumers\/odr\/main\/index.cfm?event=main.home2.show&amp;lng=ES<\/a><\/p>\n<p><span style=\"text-decoration: underline;\"><strong>What is a \u2018Cookie\u2019?<\/strong><\/span><br \/>Cookies are small text files used to store information. Cookies are stored on your device when you access a website from your browser. These cookies help us to make the website work, make it more secure, improve the user experience and understand how the website behaves and where improvements or corrections are needed.<\/p>\n<p>We use our own and third-party cookies to improve the technical functioning of the website, analyse your browsing for statistical purposes, personalise your experience, and display advertising related to your preferences.<\/p>\n<p>Why should I allow cookies?<br \/>By allowing cookies, you will have a better experience on our website.<\/p>\n<p>In addition, there are some basic actions that require cookies, such as purchasing a telephone line or carrying out procedures in the customer area.<\/p>\n<p>For example, we use cookies in the following cases: \u2013 When you log into your account \u2013 A history of your preferences for your next visit \u2013 To provide personalised content.<\/p>\n<p>&nbsp;<\/p>\n<p>Those created or managed by the website owner.<\/p>\n<p>Technical purposes: These enable the user to browse a website, platform or application and use the various options or services available on it, such as controlling traffic and data communication or storing content for the dissemination of videos or sound.<\/p>\n<p>Analysis purposes: These allow the monitoring and analysis of the behaviour of website users, for the creation of browsing profiles, in order to introduce improvements based on the analysis of the usage data collected on the website. Among other data, a user identifier per session and the date of the first connection to the website and the previous occasion on which the user accessed the website.<\/p>\n<p><span style=\"text-decoration: underline;\"><strong>Third-party cookies<\/strong><\/span><\/p>\n<p>These are cookies served and managed by advertising and\/or analytics service providers outside the website owner.<\/p>\n<p>These cookies enable the effective management of advertising and information campaigns tailored to user preferences. They may store information about the behaviour of qdq.com users in order to develop a specific profile for displaying advertising based on their interests.<\/p>\n<p>At the bottom of this page, you will find details of the third parties that can configure and access cookies on your device (subject to information and consent), as well as links to the privacy policies of these providers.<\/p>\n<p>[\/et_pb_text][\/et_pb_column][\/et_pb_row][\/et_pb_section][et_pb_section fb_built=&#8221;1&#8243; _builder_version=&#8221;4.27.4&#8243; _module_preset=&#8221;default&#8221; global_colors_info=&#8221;{}&#8221; theme_builder_area=&#8221;post_content&#8221;][et_pb_row _builder_version=&#8221;4.27.4&#8243; _module_preset=&#8221;default&#8221; global_colors_info=&#8221;{}&#8221; theme_builder_area=&#8221;post_content&#8221;][et_pb_column type=&#8221;4_4&#8243; _builder_version=&#8221;4.27.4&#8243; _module_preset=&#8221;default&#8221; global_colors_info=&#8221;{}&#8221; theme_builder_area=&#8221;post_content&#8221;][et_pb_image src=&#8221;https:\/\/mupowen.com\/wp-content\/uploads\/2026\/01\/PUBLI-KIT.jpg&#8221; title_text=&#8221;PUBLI KIT&#8221; _builder_version=&#8221;4.27.4&#8243; _module_preset=&#8221;default&#8221; global_colors_info=&#8221;{}&#8221; theme_builder_area=&#8221;post_content&#8221;][\/et_pb_image][\/et_pb_column][\/et_pb_row][\/et_pb_section][et_pb_section fb_built=&#8221;1&#8243; _builder_version=&#8221;4.27.4&#8243; _module_preset=&#8221;default&#8221; background_color=&#8221;#0f172a&#8221; global_colors_info=&#8221;{}&#8221; theme_builder_area=&#8221;post_content&#8221;][et_pb_row column_structure=&#8221;1_4,1_4,1_4,1_4&#8243; _builder_version=&#8221;4.27.4&#8243; _module_preset=&#8221;default&#8221; global_colors_info=&#8221;{}&#8221; theme_builder_area=&#8221;post_content&#8221;][et_pb_column type=&#8221;1_4&#8243; _builder_version=&#8221;4.27.4&#8243; _module_preset=&#8221;default&#8221; global_colors_info=&#8221;{}&#8221; theme_builder_area=&#8221;post_content&#8221;][et_pb_image src=&#8221;https:\/\/mupowen.com\/wp-content\/uploads\/2026\/01\/cropped-Logo-Acumin-Green-Transparent.png&#8221; title_text=&#8221;cropped-Logo-Acumin-Green-Transparent&#8221; align=&#8221;center&#8221; _builder_version=&#8221;4.27.4&#8243; _module_preset=&#8221;default&#8221; width=&#8221;78%&#8221; global_colors_info=&#8221;{}&#8221; theme_builder_area=&#8221;post_content&#8221;][\/et_pb_image][et_pb_text _builder_version=&#8221;4.27.4&#8243; _module_preset=&#8221;default&#8221; text_font=&#8221;Libre Franklin|500|||||||&#8221; text_text_color=&#8221;#FFFFFF&#8221; text_font_size=&#8221;15px&#8221; custom_margin=&#8221;-13px|||||&#8221; global_colors_info=&#8221;{}&#8221; theme_builder_area=&#8221;post_content&#8221;]<\/p>\n<p>Ingenier\u00eda y Consultor\u00eda para la Alimentaci\u00f3n y del sector de la Energ\u00eda<\/p>\n<p>[\/et_pb_text][\/et_pb_column][et_pb_column type=&#8221;1_4&#8243; _builder_version=&#8221;4.27.4&#8243; _module_preset=&#8221;default&#8221; global_colors_info=&#8221;{}&#8221; theme_builder_area=&#8221;post_content&#8221;][et_pb_text _builder_version=&#8221;4.27.4&#8243; _module_preset=&#8221;default&#8221; text_font=&#8221;Libre Franklin|600|||||||&#8221; text_text_color=&#8221;#FFFFFF&#8221; text_font_size=&#8221;20px&#8221; custom_margin=&#8221;-13px||37px|||&#8221; global_colors_info=&#8221;{}&#8221; theme_builder_area=&#8221;post_content&#8221;]<\/p>\n<p>Nuestra Empresa<\/p>\n<p>[\/et_pb_text][et_pb_text _builder_version=&#8221;4.27.4&#8243; _module_preset=&#8221;default&#8221; text_font=&#8221;Libre Franklin|500|||||||&#8221; text_text_color=&#8221;#FFFFFF&#8221; text_font_size=&#8221;15px&#8221; custom_margin=&#8221;-13px|||||&#8221; global_colors_info=&#8221;{}&#8221; theme_builder_area=&#8221;post_content&#8221;]<\/p>\n<p>Acerca De Nosotros<br \/>Nuestros Servicios<br \/>Proyectos De Referencia<br \/>Trabajar Con Nosotros<\/p>\n<p>[\/et_pb_text][\/et_pb_column][et_pb_column type=&#8221;1_4&#8243; _builder_version=&#8221;4.27.4&#8243; _module_preset=&#8221;default&#8221; global_colors_info=&#8221;{}&#8221; theme_builder_area=&#8221;post_content&#8221;][et_pb_text _builder_version=&#8221;4.27.4&#8243; _module_preset=&#8221;default&#8221; text_font=&#8221;Libre Franklin|600|||||||&#8221; text_text_color=&#8221;#FFFFFF&#8221; text_font_size=&#8221;20px&#8221; custom_margin=&#8221;-13px||37px|||&#8221; global_colors_info=&#8221;{}&#8221; theme_builder_area=&#8221;post_content&#8221;]<\/p>\n<p>Nuestros Servicios<\/p>\n<p>[\/et_pb_text][et_pb_text _builder_version=&#8221;4.27.4&#8243; _module_preset=&#8221;default&#8221; text_font=&#8221;Libre Franklin|500|||||||&#8221; text_text_color=&#8221;#FFFFFF&#8221; text_font_size=&#8221;15px&#8221; custom_margin=&#8221;-13px|||||&#8221; global_colors_info=&#8221;{}&#8221; theme_builder_area=&#8221;post_content&#8221;]<\/p>\n<p>Gesti\u00f3n De Proyectos<br \/>Los Propietarios De Ingenier\u00eda<br \/>Gesti\u00f3n De Ingenier\u00eda<br \/>Traslado De La Planta<\/p>\n<p>[\/et_pb_text][\/et_pb_column][et_pb_column type=&#8221;1_4&#8243; _builder_version=&#8221;4.27.4&#8243; _module_preset=&#8221;default&#8221; global_colors_info=&#8221;{}&#8221; theme_builder_area=&#8221;post_content&#8221;][et_pb_text _builder_version=&#8221;4.27.4&#8243; _module_preset=&#8221;default&#8221; text_font=&#8221;Libre Franklin|600|||||||&#8221; text_text_color=&#8221;#FFFFFF&#8221; text_font_size=&#8221;20px&#8221; custom_margin=&#8221;-13px||37px|||&#8221; global_colors_info=&#8221;{}&#8221; theme_builder_area=&#8221;post_content&#8221;]<\/p>\n<p>Datos De Contacto<\/p>\n<p>[\/et_pb_text][et_pb_text _builder_version=&#8221;4.27.4&#8243; _module_preset=&#8221;default&#8221; text_font=&#8221;Libre Franklin|500|||||||&#8221; text_text_color=&#8221;#FFFFFF&#8221; text_font_size=&#8221;15px&#8221; custom_margin=&#8221;-13px|||||&#8221; global_colors_info=&#8221;{}&#8221; theme_builder_area=&#8221;post_content&#8221;]<\/p>\n<p>Evliya \u00c7elebi st.<br \/>Remel Plaza 23\/106<br \/>07010 Antalya\/T\u00fcrkiye<br \/>info@mupowen.com<\/p>\n<p>[\/et_pb_text][\/et_pb_column][\/et_pb_row][\/et_pb_section]<\/p>","protected":false},"excerpt":{"rendered":"<p>Cookies PolicyThis website may use technical cookies (small information files that the server sends to the computer of the person accessing the page) to carry out certain functions that are considered essential for the proper functioning and display of the site. The cookies used are, in any case, temporary in nature, with the sole purpose [&hellip;]<\/p>","protected":false},"author":1,"featured_media":0,"parent":0,"menu_order":0,"comment_status":"closed","ping_status":"closed","template":"","meta":{"_et_pb_use_builder":"on","_et_pb_old_content":"","_et_gb_content_width":"","footnotes":""},"class_list":["post-3334","page","type-page","status-publish","hentry"],"yoast_head":"<!-- This site is optimized with the Yoast SEO plugin v26.8 - https:\/\/yoast.com\/product\/yoast-seo-wordpress\/ -->\n<title>Policity Cookies - Mupowen Energy<\/title>\n<meta name=\"robots\" content=\"index, follow, max-snippet:-1, max-image-preview:large, max-video-preview:-1\" \/>\n<link rel=\"canonical\" href=\"https:\/\/mupowen.com\/es\/policity-cookies\/\" \/>\n<meta property=\"og:locale\" content=\"es_ES\" \/>\n<meta property=\"og:type\" content=\"article\" \/>\n<meta property=\"og:title\" content=\"Policity Cookies - Mupowen Energy\" \/>\n<meta property=\"og:description\" content=\"Cookies PolicyThis website may use technical cookies (small information files that the server sends to the computer of the person accessing the page) to carry out certain functions that are considered essential for the proper functioning and display of the site. The cookies used are, in any case, temporary in nature, with the sole purpose [&hellip;]\" \/>\n<meta property=\"og:url\" content=\"https:\/\/mupowen.com\/es\/policity-cookies\/\" \/>\n<meta property=\"og:site_name\" content=\"Mupowen Energy\" \/>\n<meta property=\"article:modified_time\" content=\"2026-01-22T09:35:36+00:00\" \/>\n<meta name=\"twitter:card\" content=\"summary_large_image\" \/>\n<script type=\"application\/ld+json\" class=\"yoast-schema-graph\">{\"@context\":\"https:\/\/schema.org\",\"@graph\":[{\"@type\":\"WebPage\",\"@id\":\"https:\/\/mupowen.com\/policity-cookies\/\",\"url\":\"https:\/\/mupowen.com\/policity-cookies\/\",\"name\":\"Policity Cookies - Mupowen Energy\",\"isPartOf\":{\"@id\":\"https:\/\/mupowen.com\/#website\"},\"datePublished\":\"2026-01-22T09:32:00+00:00\",\"dateModified\":\"2026-01-22T09:35:36+00:00\",\"breadcrumb\":{\"@id\":\"https:\/\/mupowen.com\/policity-cookies\/#breadcrumb\"},\"inLanguage\":\"es\",\"potentialAction\":[{\"@type\":\"ReadAction\",\"target\":[\"https:\/\/mupowen.com\/policity-cookies\/\"]}]},{\"@type\":\"BreadcrumbList\",\"@id\":\"https:\/\/mupowen.com\/policity-cookies\/#breadcrumb\",\"itemListElement\":[{\"@type\":\"ListItem\",\"position\":1,\"name\":\"Portada\",\"item\":\"https:\/\/mupowen.com\/\"},{\"@type\":\"ListItem\",\"position\":2,\"name\":\"Policity Cookies\"}]},{\"@type\":\"WebSite\",\"@id\":\"https:\/\/mupowen.com\/#website\",\"url\":\"https:\/\/mupowen.com\/\",\"name\":\"Mupowen Energy\",\"description\":\"Founded in 2019, our company has built a reputation on trust and a team with over 15 years of experience in the Power and Energy sector.\",\"publisher\":{\"@id\":\"https:\/\/mupowen.com\/#organization\"},\"potentialAction\":[{\"@type\":\"SearchAction\",\"target\":{\"@type\":\"EntryPoint\",\"urlTemplate\":\"https:\/\/mupowen.com\/?s={search_term_string}\"},\"query-input\":{\"@type\":\"PropertyValueSpecification\",\"valueRequired\":true,\"valueName\":\"search_term_string\"}}],\"inLanguage\":\"es\"},{\"@type\":\"Organization\",\"@id\":\"https:\/\/mupowen.com\/#organization\",\"name\":\"Mupowen Energy\",\"url\":\"https:\/\/mupowen.com\/\",\"logo\":{\"@type\":\"ImageObject\",\"inLanguage\":\"es\",\"@id\":\"https:\/\/mupowen.com\/#\/schema\/logo\/image\/\",\"url\":\"https:\/\/mupowen.com\/wp-content\/uploads\/2026\/01\/cropped-Logo-Acumin-Green-transp-copia.jpg\",\"contentUrl\":\"https:\/\/mupowen.com\/wp-content\/uploads\/2026\/01\/cropped-Logo-Acumin-Green-transp-copia.jpg\",\"width\":1029,\"height\":343,\"caption\":\"Mupowen Energy\"},\"image\":{\"@id\":\"https:\/\/mupowen.com\/#\/schema\/logo\/image\/\"},\"sameAs\":[\"https:\/\/www.linkedin.com\/uas\/login?session_redirect=httpswww.linkedin.comshareArticleurlhttps3A2F2Fmupowen.com2Fcontact-us2F\"]}]}<\/script>\n<!-- \/ Yoast SEO plugin. -->","yoast_head_json":{"title":"Policity Cookies - Mupowen Energy","robots":{"index":"index","follow":"follow","max-snippet":"max-snippet:-1","max-image-preview":"max-image-preview:large","max-video-preview":"max-video-preview:-1"},"canonical":"https:\/\/mupowen.com\/es\/policity-cookies\/","og_locale":"es_ES","og_type":"article","og_title":"Policity Cookies - Mupowen Energy","og_description":"Cookies PolicyThis website may use technical cookies (small information files that the server sends to the computer of the person accessing the page) to carry out certain functions that are considered essential for the proper functioning and display of the site. The cookies used are, in any case, temporary in nature, with the sole purpose [&hellip;]","og_url":"https:\/\/mupowen.com\/es\/policity-cookies\/","og_site_name":"Mupowen Energy","article_modified_time":"2026-01-22T09:35:36+00:00","twitter_card":"summary_large_image","schema":{"@context":"https:\/\/schema.org","@graph":[{"@type":"WebPage","@id":"https:\/\/mupowen.com\/policity-cookies\/","url":"https:\/\/mupowen.com\/policity-cookies\/","name":"Policity Cookies - Mupowen Energy","isPartOf":{"@id":"https:\/\/mupowen.com\/#website"},"datePublished":"2026-01-22T09:32:00+00:00","dateModified":"2026-01-22T09:35:36+00:00","breadcrumb":{"@id":"https:\/\/mupowen.com\/policity-cookies\/#breadcrumb"},"inLanguage":"es","potentialAction":[{"@type":"ReadAction","target":["https:\/\/mupowen.com\/policity-cookies\/"]}]},{"@type":"BreadcrumbList","@id":"https:\/\/mupowen.com\/policity-cookies\/#breadcrumb","itemListElement":[{"@type":"ListItem","position":1,"name":"Portada","item":"https:\/\/mupowen.com\/"},{"@type":"ListItem","position":2,"name":"Policity Cookies"}]},{"@type":"WebSite","@id":"https:\/\/mupowen.com\/#website","url":"https:\/\/mupowen.com\/","name":"Mupowen Energy","description":"Founded in 2019, our company has built a reputation on trust and a team with over 15 years of experience in the Power and Energy sector.","publisher":{"@id":"https:\/\/mupowen.com\/#organization"},"potentialAction":[{"@type":"SearchAction","target":{"@type":"EntryPoint","urlTemplate":"https:\/\/mupowen.com\/?s={search_term_string}"},"query-input":{"@type":"PropertyValueSpecification","valueRequired":true,"valueName":"search_term_string"}}],"inLanguage":"es"},{"@type":"Organization","@id":"https:\/\/mupowen.com\/#organization","name":"Mupowen Energy","url":"https:\/\/mupowen.com\/","logo":{"@type":"ImageObject","inLanguage":"es","@id":"https:\/\/mupowen.com\/#\/schema\/logo\/image\/","url":"https:\/\/mupowen.com\/wp-content\/uploads\/2026\/01\/cropped-Logo-Acumin-Green-transp-copia.jpg","contentUrl":"https:\/\/mupowen.com\/wp-content\/uploads\/2026\/01\/cropped-Logo-Acumin-Green-transp-copia.jpg","width":1029,"height":343,"caption":"Mupowen Energy"},"image":{"@id":"https:\/\/mupowen.com\/#\/schema\/logo\/image\/"},"sameAs":["https:\/\/www.linkedin.com\/uas\/login?session_redirect=httpswww.linkedin.comshareArticleurlhttps3A2F2Fmupowen.com2Fcontact-us2F"]}]}},"_links":{"self":[{"href":"https:\/\/mupowen.com\/es\/wp-json\/wp\/v2\/pages\/3334","targetHints":{"allow":["GET"]}}],"collection":[{"href":"https:\/\/mupowen.com\/es\/wp-json\/wp\/v2\/pages"}],"about":[{"href":"https:\/\/mupowen.com\/es\/wp-json\/wp\/v2\/types\/page"}],"author":[{"embeddable":true,"href":"https:\/\/mupowen.com\/es\/wp-json\/wp\/v2\/users\/1"}],"replies":[{"embeddable":true,"href":"https:\/\/mupowen.com\/es\/wp-json\/wp\/v2\/comments?post=3334"}],"version-history":[{"count":3,"href":"https:\/\/mupowen.com\/es\/wp-json\/wp\/v2\/pages\/3334\/revisions"}],"predecessor-version":[{"id":3338,"href":"https:\/\/mupowen.com\/es\/wp-json\/wp\/v2\/pages\/3334\/revisions\/3338"}],"wp:attachment":[{"href":"https:\/\/mupowen.com\/es\/wp-json\/wp\/v2\/media?parent=3334"}],"curies":[{"name":"wp","href":"https:\/\/api.w.org\/{rel}","templated":true}]}}